{"id":2,"date":"2016-10-17T18:18:53","date_gmt":"2016-10-17T18:18:53","guid":{"rendered":"http:\/\/mierea-lui-ruben.ro\/?page_id=2"},"modified":"2016-10-29T17:11:19","modified_gmt":"2016-10-29T17:11:19","slug":"principii","status":"publish","type":"page","link":"https:\/\/mierea-lui-ruben.ro\/index.php\/principii\/","title":{"rendered":"Principii"},"content":{"rendered":"<p>Am cl\u0103dit totul de la \u00eenceput pe adev\u0103r. Pentru c\u0103 nu vrem \u015fi pentru c\u0103 nu \u015ftim s\u0103 min\u0163im. Pentru c\u0103 adev\u0103rul este calea pe care vom merge \u00eenainte ca umanitate.<\/p>\n<p>Respect\u0103m oamenii. Respect\u0103m copii la care vor ajunge produsele noastre; de aceea vindem doar ceea ce am da copiilor no\u015ftri s\u0103 m\u0103n\u00e2nce: miere, polen \u015fi propolis curate.<\/p>\n<p>C\u0103ut\u0103m tot timpul vetre pentru stupii no\u015ftri departe de poluare, convin\u015fi c\u0103 produsele apicole sunt luate pentru s\u0103n\u0103tate.<\/p>\n<p>Respect\u0103m albinele.<\/p>\n<p>Avem grij\u0103 de natur\u0103 pentru c\u0103 este casa noastr\u0103.<\/p>\n<p>Suntem convin\u015fi c\u0103 oferind produse curate oamenilor \u015fi av\u00e2nd grij\u0103 de albinele care contribuie semnificativ la s\u0103n\u0103tatea P\u0103m\u00e2ntului aducem un mare plus.<\/p>\n<p>Ne vom str\u0103dui, cu ajutorul Celui de sus, s\u0103 mergem pe drumul acesta \u015fi s\u0103 devenim mai buni.<\/p>\n<p>&nbsp;<\/p>\n<p>&nbsp;<\/p>\n","protected":false},"excerpt":{"rendered":"<p>Am cl\u0103dit totul de la \u00eenceput pe adev\u0103r. Pentru c\u0103 nu vrem \u015fi pentru c\u0103 nu \u015ftim s\u0103 min\u0163im. Pentru c\u0103 adev\u0103rul este calea pe care vom merge \u00eenainte ca umanitate. Respect\u0103m oamenii. Respect\u0103m copii la care vor ajunge produsele noastre; de aceea vindem doar ceea ce am da copiilor no\u015ftri s\u0103 m\u0103n\u00e2nce: miere, polen <a class=\"read-more\" href=\"https:\/\/mierea-lui-ruben.ro\/index.php\/principii\/\">Read More<\/a><\/p>\n","protected":false},"author":1,"featured_media":0,"parent":0,"menu_order":0,"comment_status":"closed","ping_status":"closed","template":"","meta":{"footnotes":""},"class_list":["post-2","page","type-page","status-publish","hentry"],"_links":{"self":[{"href":"https:\/\/mierea-lui-ruben.ro\/index.php\/wp-json\/wp\/v2\/pages\/2","targetHints":{"allow":["GET"]}}],"collection":[{"href":"https:\/\/mierea-lui-ruben.ro\/index.php\/wp-json\/wp\/v2\/pages"}],"about":[{"href":"https:\/\/mierea-lui-ruben.ro\/index.php\/wp-json\/wp\/v2\/types\/page"}],"author":[{"embeddable":true,"href":"https:\/\/mierea-lui-ruben.ro\/index.php\/wp-json\/wp\/v2\/users\/1"}],"replies":[{"embeddable":true,"href":"https:\/\/mierea-lui-ruben.ro\/index.php\/wp-json\/wp\/v2\/comments?post=2"}],"version-history":[{"count":3,"href":"https:\/\/mierea-lui-ruben.ro\/index.php\/wp-json\/wp\/v2\/pages\/2\/revisions"}],"predecessor-version":[{"id":7,"href":"https:\/\/mierea-lui-ruben.ro\/index.php\/wp-json\/wp\/v2\/pages\/2\/revisions\/7"}],"wp:attachment":[{"href":"https:\/\/mierea-lui-ruben.ro\/index.php\/wp-json\/wp\/v2\/media?parent=2"}],"curies":[{"name":"wp","href":"https:\/\/api.w.org\/{rel}","templated":true}]}}