{"id":13,"date":"2016-10-29T17:46:45","date_gmt":"2016-10-29T17:46:45","guid":{"rendered":"http:\/\/mierea-lui-ruben.ro\/?page_id=13"},"modified":"2016-10-29T17:51:50","modified_gmt":"2016-10-29T17:51:50","slug":"bun-venit","status":"publish","type":"page","link":"https:\/\/mierea-lui-ruben.ro\/","title":{"rendered":"Bun venit! :)"},"content":{"rendered":"<p>Cu peste 60 de ani \u00een urm\u0103, \u00eentr-un mic sat din Maramure\u0219, bunicul Vasile Muj a\u0219ezat prima prisac\u0103 \u00een co\u0219ni\u021be. Au fost la \u00eenceput doar cinci. Apoi, prin grija lui Dumnezeu, a naturii \u0219i pasiune ace\u0219tia s-au f\u0103cut o frumoas\u0103 stupin\u0103.<\/p>\n<p>Apoi un meserias \u021bip\u021ber i-a f\u0103cut primele \u201dzarazoane\u201d \u2013 stupi cu ramele mobile. A fost primul pas spre apicultur\u0103 \u00een sensul modern al cuv\u00e2ntului.<\/p>\n<p>De atunci, an de an, f\u0103r\u0103 \u00eentrerupere, \u00een gr\u0103dina familiei, minunatele albine au muncit neobosit s\u0103 aduc\u0103 pre\u021bioasele lor ofrande: miere, polen, propolis.<\/p>\n<p>De atunci, ne str\u0103duim s\u0103 \u00eengrijim familiile de albine \u00een a\u0219a fel \u00eenc\u00e2t s\u0103 putem oferi celor din jur adev\u0103rate medicamente: Miere care vindec\u0103 sufletul dar \u0219i arsurile grave; polen care cre\u0219te imunitatea \u0219i fortific\u0103 vizibil organismul; propolis care vindec\u0103 r\u0103nile de orice fel.<\/p>\n<p>Pe timpuri de r\u0103stri\u0219te, \u00een perioada comunist\u0103, c\u00e2nd guvernul a considerat c\u0103 este bine s\u0103 persecute libertatea religioas\u0103, \u0219i s\u0103 suprime g\u00e2ndirea liber\u0103, \u201dzarzoanele\u201d, stupii bunicului au fost veritabile ad\u0103posturi ale libert\u0103\u021bii adev\u0103rului. \u00cen capacele lor \u00ee\u0219i ascundea c\u0103r\u021bile cre\u0219tine; autorit\u0103\u021bilor nu le-ar fi trecut prin cap s\u0103 caute c\u0103r\u021bi \u00een preajma albinelor <img decoding=\"async\" class=\"wp-smiley\" src=\"http:\/\/polenbun.ro\/wp-includes\/images\/smilies\/simple-smile.png\" alt=\":)\" \/><\/p>\n<p>Vremea aceea a trecut, dar \u00een suflete ne-a r\u0103mas dragoste pentru adev\u0103r.<\/p>\n<p>Am p\u0103strat leg\u0103tura \u00eentre adev\u0103r \u0219i albine. Am folosit tot ce ne-a stat la \u00eendem\u00e2n\u0103 pentru a cre\u015fte calitatea produselor pe care le recoltam.<\/p>\n<p>&nbsp;<\/p>\n<p>Cu respect,<\/p>\n<p>Ruben Muj.<\/p>\n","protected":false},"excerpt":{"rendered":"<p>Cu peste 60 de ani \u00een urm\u0103, \u00eentr-un mic sat din Maramure\u0219, bunicul Vasile Muj a\u0219ezat prima prisac\u0103 \u00een co\u0219ni\u021be. Au fost la \u00eenceput doar cinci. Apoi, prin grija lui Dumnezeu, a naturii \u0219i pasiune ace\u0219tia s-au f\u0103cut o frumoas\u0103 stupin\u0103. Apoi un meserias \u021bip\u021ber i-a f\u0103cut primele \u201dzarazoane\u201d \u2013 stupi cu ramele mobile. A <a class=\"read-more\" href=\"https:\/\/mierea-lui-ruben.ro\/\">Read More<\/a><\/p>\n","protected":false},"author":1,"featured_media":0,"parent":0,"menu_order":0,"comment_status":"closed","ping_status":"closed","template":"","meta":{"footnotes":""},"class_list":["post-13","page","type-page","status-publish","hentry"],"_links":{"self":[{"href":"https:\/\/mierea-lui-ruben.ro\/index.php\/wp-json\/wp\/v2\/pages\/13","targetHints":{"allow":["GET"]}}],"collection":[{"href":"https:\/\/mierea-lui-ruben.ro\/index.php\/wp-json\/wp\/v2\/pages"}],"about":[{"href":"https:\/\/mierea-lui-ruben.ro\/index.php\/wp-json\/wp\/v2\/types\/page"}],"author":[{"embeddable":true,"href":"https:\/\/mierea-lui-ruben.ro\/index.php\/wp-json\/wp\/v2\/users\/1"}],"replies":[{"embeddable":true,"href":"https:\/\/mierea-lui-ruben.ro\/index.php\/wp-json\/wp\/v2\/comments?post=13"}],"version-history":[{"count":3,"href":"https:\/\/mierea-lui-ruben.ro\/index.php\/wp-json\/wp\/v2\/pages\/13\/revisions"}],"predecessor-version":[{"id":17,"href":"https:\/\/mierea-lui-ruben.ro\/index.php\/wp-json\/wp\/v2\/pages\/13\/revisions\/17"}],"wp:attachment":[{"href":"https:\/\/mierea-lui-ruben.ro\/index.php\/wp-json\/wp\/v2\/media?parent=13"}],"curies":[{"name":"wp","href":"https:\/\/api.w.org\/{rel}","templated":true}]}}